{"id":9,"date":"2024-01-09T15:41:54","date_gmt":"2024-01-09T14:41:54","guid":{"rendered":"https:\/\/lesrobesdejeanne.fr\/?page_id=9"},"modified":"2026-03-24T09:51:40","modified_gmt":"2026-03-24T08:51:40","slug":"accueil-robes-mariees","status":"publish","type":"page","link":"https:\/\/lesrobesdejeanne.fr\/","title":{"rendered":"Accueil"},"content":{"rendered":"\t\t<div data-elementor-type=\"wp-page\" data-elementor-id=\"9\" class=\"elementor elementor-9\" data-elementor-post-type=\"page\">\n\t\t\t\t<div class=\"elementor-element elementor-element-47c1cc2 e-flex e-con-boxed e-con e-parent\" data-id=\"47c1cc2\" data-element_type=\"container\" data-settings=\"{&quot;background_background&quot;:&quot;classic&quot;}\">\n\t\t\t\t\t<div class=\"e-con-inner\">\n\t\t\t\t\t<\/div>\n\t\t\t\t<\/div>\n\t\t<div class=\"elementor-element elementor-element-8edda68 e-flex e-con-boxed e-con e-parent\" data-id=\"8edda68\" data-element_type=\"container\">\n\t\t\t\t\t<div class=\"e-con-inner\">\n\t\t\t\t<div class=\"elementor-element elementor-element-d713877 elementor-widget elementor-widget-heading\" data-id=\"d713877\" data-element_type=\"widget\" data-widget_type=\"heading.default\">\n\t\t\t\t<div class=\"elementor-widget-container\">\n\t\t\t\t\t<h2 class=\"elementor-heading-title elementor-size-default\">Cr\u00e9er une robe, ensemble.<\/h2>\t\t\t\t<\/div>\n\t\t\t\t<\/div>\n\t\t\t\t<div class=\"elementor-element elementor-element-0be3df5 elementor-widget elementor-widget-text-editor\" data-id=\"0be3df5\" data-element_type=\"widget\" data-widget_type=\"text-editor.default\">\n\t\t\t\t<div class=\"elementor-widget-container\">\n\t\t\t\t\t\t\t\t\t<p data-start=\"470\" data-end=\"515\">Bienvenue dans l\u2019univers des robes de Jeanne.<\/p><p data-start=\"517\" data-end=\"629\">Ici, le sur-mesure ne se r\u00e9sume pas \u00e0 une robe.<br data-start=\"564\" data-end=\"567\" \/>C\u2019est une rencontre, une \u00e9coute, une cr\u00e9ation pens\u00e9e ensemble.<\/p><p data-start=\"631\" data-end=\"741\">Je cr\u00e9e des robes modernes et \u00e9l\u00e9gantes, bien s\u00fbr.<br data-start=\"681\" data-end=\"684\" \/>Mais surtout des pi\u00e8ces qui vous ressemblent profond\u00e9ment.<\/p><p data-start=\"743\" data-end=\"990\">Que vous r\u00eaviez d\u2019une robe \u00e9pur\u00e9e ou d\u2019une cr\u00e9ation plus audacieuse, je vous accompagne pas \u00e0 pas dans une d\u00e9marche collaborative, douce et rassurante. <strong>Chaque d\u00e9tail est choisi avec vous. Chaque \u00e9tape est expliqu\u00e9e. Chaque d\u00e9cision est partag\u00e9e.<\/strong><\/p><p data-start=\"992\" data-end=\"1097\">Parce que le jour de votre mariage m\u00e9rite une tenue qui vous ressemble vraiment, simplement, sinc\u00e8rement.<\/p>\t\t\t\t\t\t\t\t<\/div>\n\t\t\t\t<\/div>\n\t\t\t\t<div class=\"elementor-element elementor-element-b7fefac elementor-align-center elementor-widget elementor-widget-button\" data-id=\"b7fefac\" data-element_type=\"widget\" data-widget_type=\"button.default\">\n\t\t\t\t<div class=\"elementor-widget-container\">\n\t\t\t\t\t\t\t\t\t<div class=\"elementor-button-wrapper\">\n\t\t\t\t\t<a class=\"elementor-button elementor-button-link elementor-size-sm\" href=\"https:\/\/lesrobesdejeanne.fr\/index.php\/votre-robe-sur-mesure\/\">\n\t\t\t\t\t\t<span class=\"elementor-button-content-wrapper\">\n\t\t\t\t\t\t\t\t\t<span class=\"elementor-button-text\">Votre robe \u00e9tape par \u00e9tape<\/span>\n\t\t\t\t\t<\/span>\n\t\t\t\t\t<\/a>\n\t\t\t\t<\/div>\n\t\t\t\t\t\t\t\t<\/div>\n\t\t\t\t<\/div>\n\t\t\t\t<div class=\"elementor-element elementor-element-56f9d59 elementor-widget elementor-widget-spacer\" data-id=\"56f9d59\" data-element_type=\"widget\" data-widget_type=\"spacer.default\">\n\t\t\t\t<div class=\"elementor-widget-container\">\n\t\t\t\t\t\t\t<div class=\"elementor-spacer\">\n\t\t\t<div class=\"elementor-spacer-inner\"><\/div>\n\t\t<\/div>\n\t\t\t\t\t\t<\/div>\n\t\t\t\t<\/div>\n\t\t\t\t<div class=\"elementor-element elementor-element-fcb99da elementor-widget elementor-widget-heading\" data-id=\"fcb99da\" data-element_type=\"widget\" data-widget_type=\"heading.default\">\n\t\t\t\t<div class=\"elementor-widget-container\">\n\t\t\t\t\t<h2 class=\"elementor-heading-title elementor-size-default\">UN ATELIER, UNE RELATION, UNE EXP\u00c9RIENCE. <\/h2>\t\t\t\t<\/div>\n\t\t\t\t<\/div>\n\t\t\t\t\t<\/div>\n\t\t\t\t<\/div>\n\t\t<div class=\"elementor-element elementor-element-db57d62 e-flex e-con-boxed e-con e-parent\" data-id=\"db57d62\" data-element_type=\"container\">\n\t\t\t\t\t<div class=\"e-con-inner\">\n\t\t<div class=\"elementor-element elementor-element-59231bf e-con-full e-flex e-con e-child\" data-id=\"59231bf\" data-element_type=\"container\">\n\t\t\t\t<div class=\"elementor-element elementor-element-3651206 elementor-widget elementor-widget-image\" data-id=\"3651206\" data-element_type=\"widget\" data-widget_type=\"image.default\">\n\t\t\t\t<div class=\"elementor-widget-container\">\n\t\t\t\t\t\t\t\t\t\t\t\t\t\t\t<img fetchpriority=\"high\" decoding=\"async\" width=\"800\" height=\"534\" src=\"https:\/\/lesrobesdejeanne.fr\/wp-content\/uploads\/2024\/01\/3-ESSAYAGE-TISSU-1-1024x683.jpg\" class=\"attachment-large size-large wp-image-191\" alt=\"\" srcset=\"https:\/\/lesrobesdejeanne.fr\/wp-content\/uploads\/2024\/01\/3-ESSAYAGE-TISSU-1-1024x683.jpg 1024w, https:\/\/lesrobesdejeanne.fr\/wp-content\/uploads\/2024\/01\/3-ESSAYAGE-TISSU-1-300x200.jpg 300w, https:\/\/lesrobesdejeanne.fr\/wp-content\/uploads\/2024\/01\/3-ESSAYAGE-TISSU-1-768x512.jpg 768w, https:\/\/lesrobesdejeanne.fr\/wp-content\/uploads\/2024\/01\/3-ESSAYAGE-TISSU-1-1536x1024.jpg 1536w\" sizes=\"(max-width: 800px) 100vw, 800px\" \/>\t\t\t\t\t\t\t\t\t\t\t\t\t\t\t<\/div>\n\t\t\t\t<\/div>\n\t\t\t\t<\/div>\n\t\t<div class=\"elementor-element elementor-element-f98aef0 e-con-full e-flex e-con e-child\" data-id=\"f98aef0\" data-element_type=\"container\">\n\t\t<div class=\"elementor-element elementor-element-2810a10 e-con-full e-flex e-con e-child\" data-id=\"2810a10\" data-element_type=\"container\">\n\t\t\t\t<div class=\"elementor-element elementor-element-a1631e9 elementor-widget elementor-widget-text-editor\" data-id=\"a1631e9\" data-element_type=\"widget\" data-widget_type=\"text-editor.default\">\n\t\t\t\t<div class=\"elementor-widget-container\">\n\t\t\t\t\t\t\t\t\t<h4><strong>Je suis Chlo\u00e9, cr\u00e9atrice des <em>robes de Jeanne <br><\/em><\/strong><span style=\"font-weight: bolder; font-size: 1.5rem;\">dans le Puy-de-D\u00f4me, en&nbsp;<\/span><span style=\"color: inherit; font-family: inherit; font-size: 1.5rem; font-weight: bolder;\">Auvergne<\/span><strong style=\"color: inherit; font-family: inherit; font-size: 1.5rem;\"><em>.<\/em><\/strong><\/h4>\n<p data-start=\"625\" data-end=\"746\">Derri\u00e8re chaque cr\u00e9ation, il y a une rencontre, des \u00e9changes, des rires parfois, des doutes aussi et beaucoup d\u2019\u00e9coute.<\/p>\n<p data-start=\"748\" data-end=\"1001\">Mon atelier est un lieu intime et chaleureux, pens\u00e9 pour que vous vous sentiez \u00e0 l\u2019aise d\u00e8s les premiers instants. C\u2019est ici que nous imaginons ensemble votre tenue, que nous choisissons les mati\u00e8res, que les id\u00e9es prennent forme au fil des essayages.<\/p>\n<p data-start=\"1003\" data-end=\"1112\">Plus qu\u2019un simple atelier de couture, c\u2019est un espace de confiance, o\u00f9 vous pouvez \u00eatre pleinement vous-m\u00eame.<\/p>\t\t\t\t\t\t\t\t<\/div>\n\t\t\t\t<\/div>\n\t\t\t\t<\/div>\n\t\t<div class=\"elementor-element elementor-element-9215211 e-con-full e-flex e-con e-child\" data-id=\"9215211\" data-element_type=\"container\">\n\t\t\t\t<div class=\"elementor-element elementor-element-9e957ec elementor-align-left elementor-widget elementor-widget-button\" data-id=\"9e957ec\" data-element_type=\"widget\" data-widget_type=\"button.default\">\n\t\t\t\t<div class=\"elementor-widget-container\">\n\t\t\t\t\t\t\t\t\t<div class=\"elementor-button-wrapper\">\n\t\t\t\t\t<a class=\"elementor-button elementor-button-link elementor-size-sm\" href=\"https:\/\/lesrobesdejeanne.fr\/index.php\/latelier-robes-couture\/\">\n\t\t\t\t\t\t<span class=\"elementor-button-content-wrapper\">\n\t\t\t\t\t\t\t\t\t<span class=\"elementor-button-text\">Entrez dans mon atelier<\/span>\n\t\t\t\t\t<\/span>\n\t\t\t\t\t<\/a>\n\t\t\t\t<\/div>\n\t\t\t\t\t\t\t\t<\/div>\n\t\t\t\t<\/div>\n\t\t\t\t<\/div>\n\t\t\t\t<\/div>\n\t\t\t\t\t<\/div>\n\t\t\t\t<\/div>\n\t\t<div class=\"elementor-element elementor-element-415befd e-flex e-con-boxed e-con e-parent\" data-id=\"415befd\" data-element_type=\"container\">\n\t\t\t\t\t<div class=\"e-con-inner\">\n\t\t\t\t<div class=\"elementor-element elementor-element-5a24f9a elementor-widget elementor-widget-spacer\" data-id=\"5a24f9a\" data-element_type=\"widget\" data-widget_type=\"spacer.default\">\n\t\t\t\t<div class=\"elementor-widget-container\">\n\t\t\t\t\t\t\t<div class=\"elementor-spacer\">\n\t\t\t<div class=\"elementor-spacer-inner\"><\/div>\n\t\t<\/div>\n\t\t\t\t\t\t<\/div>\n\t\t\t\t<\/div>\n\t\t\t\t<div class=\"elementor-element elementor-element-04a8270 elementor-widget elementor-widget-heading\" data-id=\"04a8270\" data-element_type=\"widget\" data-widget_type=\"heading.default\">\n\t\t\t\t<div class=\"elementor-widget-container\">\n\t\t\t\t\t<h2 class=\"elementor-heading-title elementor-size-default\">Mes mari\u00e9es<\/h2>\t\t\t\t<\/div>\n\t\t\t\t<\/div>\n\t\t\t\t\t<\/div>\n\t\t\t\t<\/div>\n\t\t<div class=\"elementor-element elementor-element-ee1904a e-con-full e-flex e-con e-parent\" data-id=\"ee1904a\" data-element_type=\"container\">\n\t\t\t\t<div class=\"elementor-element elementor-element-40914c6 elementor-skin-carousel elementor-arrows-yes elementor-pagination-type-bullets elementor-pagination-position-outside elementor-widget elementor-widget-media-carousel\" data-id=\"40914c6\" data-element_type=\"widget\" data-settings=\"{&quot;slides_per_view&quot;:&quot;5&quot;,&quot;space_between&quot;:{&quot;unit&quot;:&quot;px&quot;,&quot;size&quot;:9,&quot;sizes&quot;:[]},&quot;autoplay_speed&quot;:3000,&quot;skin&quot;:&quot;carousel&quot;,&quot;effect&quot;:&quot;slide&quot;,&quot;show_arrows&quot;:&quot;yes&quot;,&quot;pagination&quot;:&quot;bullets&quot;,&quot;speed&quot;:500,&quot;autoplay&quot;:&quot;yes&quot;,&quot;loop&quot;:&quot;yes&quot;,&quot;space_between_tablet&quot;:{&quot;unit&quot;:&quot;px&quot;,&quot;size&quot;:10,&quot;sizes&quot;:[]},&quot;space_between_mobile&quot;:{&quot;unit&quot;:&quot;px&quot;,&quot;size&quot;:10,&quot;sizes&quot;:[]}}\" data-widget_type=\"media-carousel.default\">\n\t\t\t\t<div class=\"elementor-widget-container\">\n\t\t\t\t\t\t\t\t\t<div class=\"elementor-swiper\">\n\t\t\t\t\t<div class=\"elementor-main-swiper swiper\" role=\"region\" aria-roledescription=\"carousel\" aria-label=\"Diapositives\">\n\t\t\t\t<div class=\"swiper-wrapper\">\n\t\t\t\t\t\t\t\t\t\t\t<div class=\"swiper-slide\" role=\"group\" aria-roledescription=\"slide\">\n\t\t\t\t\t\t\t\t\t<div class=\"elementor-carousel-image\" role=\"img\" aria-label=\"LesrobesdeJeanne-68 (1)\" style=\"background-image: url(&#039;https:\/\/lesrobesdejeanne.fr\/wp-content\/uploads\/2024\/01\/LesrobesdeJeanne-68-1-1-scaled.jpg&#039;)\">\n\n\t\t\t\n\t\t\t\t\t<\/div>\n\t\t\t\t\t\t\t\t<\/div>\n\t\t\t\t\t\t\t\t\t\t\t<div class=\"swiper-slide\" role=\"group\" aria-roledescription=\"slide\">\n\t\t\t\t\t\t\t\t\t<div class=\"elementor-carousel-image\" role=\"img\" aria-label=\"41128DD5-850B-46BF-B786-FF21DD5D6AE2\" style=\"background-image: url(&#039;https:\/\/lesrobesdejeanne.fr\/wp-content\/uploads\/2026\/03\/41128DD5-850B-46BF-B786-FF21DD5D6AE2.jpg&#039;)\">\n\n\t\t\t\n\t\t\t\t\t<\/div>\n\t\t\t\t\t\t\t\t<\/div>\n\t\t\t\t\t\t\t\t\t\t\t<div class=\"swiper-slide\" role=\"group\" aria-roledescription=\"slide\">\n\t\t\t\t\t\t\t\t\t<div class=\"elementor-carousel-image\" role=\"img\" aria-label=\"IMG_5021\" style=\"background-image: url(&#039;https:\/\/lesrobesdejeanne.fr\/wp-content\/uploads\/2026\/03\/IMG_5021-scaled.jpg&#039;)\">\n\n\t\t\t\n\t\t\t\t\t<\/div>\n\t\t\t\t\t\t\t\t<\/div>\n\t\t\t\t\t\t\t\t\t\t\t<div class=\"swiper-slide\" role=\"group\" aria-roledescription=\"slide\">\n\t\t\t\t\t\t\t\t\t<div class=\"elementor-carousel-image\" role=\"img\" aria-label=\"MARIAGE-MARIONETTOM-AMOUR-AUVERGNE-ANAISCAPTURE-787(63)\" style=\"background-image: url(&#039;https:\/\/lesrobesdejeanne.fr\/wp-content\/uploads\/2026\/03\/MARIAGE-MARIONETTOM-AMOUR-AUVERGNE-ANAISCAPTURE-78763-scaled.jpg&#039;)\">\n\n\t\t\t\n\t\t\t\t\t<\/div>\n\t\t\t\t\t\t\t\t<\/div>\n\t\t\t\t\t\t\t\t\t\t\t<div class=\"swiper-slide\" role=\"group\" aria-roledescription=\"slide\">\n\t\t\t\t\t\t\t\t\t<div class=\"elementor-carousel-image\" role=\"img\" aria-label=\"E74E9A64-C149-4FDF-95B4-4F935A04FA7C\" style=\"background-image: url(&#039;https:\/\/lesrobesdejeanne.fr\/wp-content\/uploads\/2026\/03\/E74E9A64-C149-4FDF-95B4-4F935A04FA7C.jpg&#039;)\">\n\n\t\t\t\n\t\t\t\t\t<\/div>\n\t\t\t\t\t\t\t\t<\/div>\n\t\t\t\t\t\t\t\t\t\t\t<div class=\"swiper-slide\" role=\"group\" aria-roledescription=\"slide\">\n\t\t\t\t\t\t\t\t\t<div class=\"elementor-carousel-image\" role=\"img\" aria-label=\"050725-908\" style=\"background-image: url(&#039;https:\/\/lesrobesdejeanne.fr\/wp-content\/uploads\/2026\/03\/050725-908-scaled.jpg&#039;)\">\n\n\t\t\t\n\t\t\t\t\t<\/div>\n\t\t\t\t\t\t\t\t<\/div>\n\t\t\t\t\t\t\t\t\t\t\t<div class=\"swiper-slide\" role=\"group\" aria-roledescription=\"slide\">\n\t\t\t\t\t\t\t\t\t<div class=\"elementor-carousel-image\" role=\"img\" aria-label=\"IMG_4002\" style=\"background-image: url(&#039;https:\/\/lesrobesdejeanne.fr\/wp-content\/uploads\/2026\/03\/IMG_4002-scaled.jpg&#039;)\">\n\n\t\t\t\n\t\t\t\t\t<\/div>\n\t\t\t\t\t\t\t\t<\/div>\n\t\t\t\t\t\t\t\t\t\t\t<div class=\"swiper-slide\" role=\"group\" aria-roledescription=\"slide\">\n\t\t\t\t\t\t\t\t\t<div class=\"elementor-carousel-image\" role=\"img\" aria-label=\"unnamed\" style=\"background-image: url(&#039;https:\/\/lesrobesdejeanne.fr\/wp-content\/uploads\/2026\/03\/unnamed.webp&#039;)\">\n\n\t\t\t\n\t\t\t\t\t<\/div>\n\t\t\t\t\t\t\t\t<\/div>\n\t\t\t\t\t\t\t\t\t\t\t<div class=\"swiper-slide\" role=\"group\" aria-roledescription=\"slide\">\n\t\t\t\t\t\t\t\t\t<div class=\"elementor-carousel-image\" role=\"img\" aria-label=\"8DBA2DF7-9407-4651-BDE4-5F205F24FF8B(1)\" style=\"background-image: url(&#039;https:\/\/lesrobesdejeanne.fr\/wp-content\/uploads\/2026\/03\/8DBA2DF7-9407-4651-BDE4-5F205F24FF8B1.jpg&#039;)\">\n\n\t\t\t\n\t\t\t\t\t<\/div>\n\t\t\t\t\t\t\t\t<\/div>\n\t\t\t\t\t\t\t\t\t\t\t<div class=\"swiper-slide\" role=\"group\" aria-roledescription=\"slide\">\n\t\t\t\t\t\t\t\t\t<div class=\"elementor-carousel-image\" role=\"img\" aria-label=\"IMG_20231219_162705\" style=\"background-image: url(&#039;https:\/\/lesrobesdejeanne.fr\/wp-content\/uploads\/2024\/01\/IMG_20231219_162705-scaled.jpg&#039;)\">\n\n\t\t\t\n\t\t\t\t\t<\/div>\n\t\t\t\t\t\t\t\t<\/div>\n\t\t\t\t\t\t\t\t\t<\/div>\n\t\t\t\t\t\t\t\t\t\t\t\t\t\t\t<div class=\"elementor-swiper-button elementor-swiper-button-prev\" role=\"button\" tabindex=\"0\" aria-label=\"Pr\u00e9c\u00e9dent\">\n\t\t\t\t\t\t\t<svg aria-hidden=\"true\" class=\"e-font-icon-svg e-eicon-chevron-left\" viewBox=\"0 0 1000 1000\" xmlns=\"http:\/\/www.w3.org\/2000\/svg\"><path d=\"M646 125C629 125 613 133 604 142L308 442C296 454 292 471 292 487 292 504 296 521 308 533L604 854C617 867 629 875 646 875 663 875 679 871 692 858 704 846 713 829 713 812 713 796 708 779 692 767L438 487 692 225C700 217 708 204 708 187 708 171 704 154 692 142 675 129 663 125 646 125Z\"><\/path><\/svg>\t\t\t\t\t\t<\/div>\n\t\t\t\t\t\t<div class=\"elementor-swiper-button elementor-swiper-button-next\" role=\"button\" tabindex=\"0\" aria-label=\"Suivant\">\n\t\t\t\t\t\t\t<svg aria-hidden=\"true\" class=\"e-font-icon-svg e-eicon-chevron-right\" viewBox=\"0 0 1000 1000\" xmlns=\"http:\/\/www.w3.org\/2000\/svg\"><path d=\"M696 533C708 521 713 504 713 487 713 471 708 454 696 446L400 146C388 133 375 125 354 125 338 125 325 129 313 142 300 154 292 171 292 187 292 204 296 221 308 233L563 492 304 771C292 783 288 800 288 817 288 833 296 850 308 863 321 871 338 875 354 875 371 875 388 867 400 854L696 533Z\"><\/path><\/svg>\t\t\t\t\t\t<\/div>\n\t\t\t\t\t\t\t\t\t\t\t\t\t\t\t\t<div class=\"swiper-pagination\"><\/div>\n\t\t\t\t\t\t\t\t\t\t\t\t<\/div>\n\t\t\t\t<\/div>\n\t\t\t\t\t\t\t\t<\/div>\n\t\t\t\t<\/div>\n\t\t\t\t<div class=\"elementor-element elementor-element-536f311 elementor-widget elementor-widget-spacer\" data-id=\"536f311\" data-element_type=\"widget\" data-widget_type=\"spacer.default\">\n\t\t\t\t<div class=\"elementor-widget-container\">\n\t\t\t\t\t\t\t<div class=\"elementor-spacer\">\n\t\t\t<div class=\"elementor-spacer-inner\"><\/div>\n\t\t<\/div>\n\t\t\t\t\t\t<\/div>\n\t\t\t\t<\/div>\n\t\t\t\t<\/div>\n\t\t<div class=\"elementor-element elementor-element-a36b975 e-flex e-con-boxed e-con e-parent\" data-id=\"a36b975\" data-element_type=\"container\">\n\t\t\t\t\t<div class=\"e-con-inner\">\n\t\t\t\t<div class=\"elementor-element elementor-element-be33326 elementor-button-info elementor-align-center elementor-widget elementor-widget-button\" data-id=\"be33326\" data-element_type=\"widget\" data-widget_type=\"button.default\">\n\t\t\t\t<div class=\"elementor-widget-container\">\n\t\t\t\t\t\t\t\t\t<div class=\"elementor-button-wrapper\">\n\t\t\t\t\t<a class=\"elementor-button elementor-button-link elementor-size-sm\" href=\"https:\/\/lesrobesdejeanne.fr\/index.php\/galerie\/\">\n\t\t\t\t\t\t<span class=\"elementor-button-content-wrapper\">\n\t\t\t\t\t\t\t\t\t<span class=\"elementor-button-text\">D\u00e9couvrez mes cr\u00e9ations<\/span>\n\t\t\t\t\t<\/span>\n\t\t\t\t\t<\/a>\n\t\t\t\t<\/div>\n\t\t\t\t\t\t\t\t<\/div>\n\t\t\t\t<\/div>\n\t\t\t\t\t<\/div>\n\t\t\t\t<\/div>\n\t\t<div class=\"elementor-element elementor-element-755d5e0 e-flex e-con-boxed e-con e-parent\" data-id=\"755d5e0\" data-element_type=\"container\">\n\t\t\t\t\t<div class=\"e-con-inner\">\n\t\t\t\t<div class=\"elementor-element elementor-element-7d0783d elementor-widget elementor-widget-spacer\" data-id=\"7d0783d\" data-element_type=\"widget\" data-widget_type=\"spacer.default\">\n\t\t\t\t<div class=\"elementor-widget-container\">\n\t\t\t\t\t\t\t<div class=\"elementor-spacer\">\n\t\t\t<div class=\"elementor-spacer-inner\"><\/div>\n\t\t<\/div>\n\t\t\t\t\t\t<\/div>\n\t\t\t\t<\/div>\n\t\t\t\t\t<\/div>\n\t\t\t\t<\/div>\n\t\t\t\t<\/div>\n\t\t","protected":false},"excerpt":{"rendered":"<p>Cr\u00e9er une robe, ensemble. Bienvenue dans l\u2019univers des robes de Jeanne. Ici, le sur-mesure ne se r\u00e9sume pas \u00e0 une robe.C\u2019est une rencontre, une \u00e9coute, une cr\u00e9ation pens\u00e9e ensemble. Je cr\u00e9e des robes modernes et \u00e9l\u00e9gantes, bien s\u00fbr.Mais surtout des pi\u00e8ces qui vous ressemblent profond\u00e9ment. Que vous r\u00eaviez d\u2019une robe \u00e9pur\u00e9e ou d\u2019une cr\u00e9ation plus [&hellip;]<\/p>\n","protected":false},"author":2,"featured_media":0,"parent":0,"menu_order":0,"comment_status":"closed","ping_status":"closed","template":"elementor_header_footer","meta":{"footnotes":""},"class_list":["post-9","page","type-page","status-publish","hentry"],"yoast_head":"<!-- This site is optimized with the Yoast SEO plugin v26.0 - https:\/\/yoast.com\/wordpress\/plugins\/seo\/ -->\n<title>Accueil - Les Robes de Jeanne<\/title>\n<meta name=\"description\" content=\"Bienvenue dans mon univers ! Des robes de mari\u00e9e , modernes et \u00e9l\u00e9gantes mais avant tout, des robes qui vous ressemblent.\" \/>\n<meta name=\"robots\" content=\"index, follow, max-snippet:-1, max-image-preview:large, max-video-preview:-1\" \/>\n<link rel=\"canonical\" href=\"https:\/\/lesrobesdejeanne.fr\/\" \/>\n<meta property=\"og:locale\" content=\"fr_FR\" \/>\n<meta property=\"og:type\" content=\"article\" \/>\n<meta property=\"og:title\" content=\"Accueil - Les Robes de Jeanne\" \/>\n<meta property=\"og:description\" content=\"Bienvenue dans mon univers ! Des robes de mari\u00e9e , modernes et \u00e9l\u00e9gantes mais avant tout, des robes qui vous ressemblent.\" \/>\n<meta property=\"og:url\" content=\"https:\/\/lesrobesdejeanne.fr\/\" \/>\n<meta property=\"og:site_name\" content=\"Les Robes de Jeanne\" \/>\n<meta property=\"article:modified_time\" content=\"2026-03-24T08:51:40+00:00\" \/>\n<meta property=\"og:image\" content=\"https:\/\/lesrobesdejeanne.fr\/wp-content\/uploads\/2024\/01\/3-ESSAYAGE-TISSU-1-scaled.jpg\" \/>\n\t<meta property=\"og:image:width\" content=\"2560\" \/>\n\t<meta property=\"og:image:height\" content=\"1707\" \/>\n\t<meta property=\"og:image:type\" content=\"image\/jpeg\" \/>\n<meta name=\"twitter:card\" content=\"summary_large_image\" \/>\n<meta name=\"twitter:label1\" content=\"Dur\u00e9e de lecture estim\u00e9e\" \/>\n\t<meta name=\"twitter:data1\" content=\"2 minutes\" \/>\n<script type=\"application\/ld+json\" class=\"yoast-schema-graph\">{\"@context\":\"https:\/\/schema.org\",\"@graph\":[{\"@type\":\"WebPage\",\"@id\":\"https:\/\/lesrobesdejeanne.fr\/\",\"url\":\"https:\/\/lesrobesdejeanne.fr\/\",\"name\":\"Accueil - Les Robes de Jeanne\",\"isPartOf\":{\"@id\":\"https:\/\/lesrobesdejeanne.fr\/#website\"},\"primaryImageOfPage\":{\"@id\":\"https:\/\/lesrobesdejeanne.fr\/#primaryimage\"},\"image\":{\"@id\":\"https:\/\/lesrobesdejeanne.fr\/#primaryimage\"},\"thumbnailUrl\":\"https:\/\/lesrobesdejeanne.fr\/wp-content\/uploads\/2024\/01\/3-ESSAYAGE-TISSU-1-1024x683.jpg\",\"datePublished\":\"2024-01-09T14:41:54+00:00\",\"dateModified\":\"2026-03-24T08:51:40+00:00\",\"description\":\"Bienvenue dans mon univers ! Des robes de mari\u00e9e , modernes et \u00e9l\u00e9gantes mais avant tout, des robes qui vous ressemblent.\",\"breadcrumb\":{\"@id\":\"https:\/\/lesrobesdejeanne.fr\/#breadcrumb\"},\"inLanguage\":\"fr-FR\",\"potentialAction\":[{\"@type\":\"ReadAction\",\"target\":[\"https:\/\/lesrobesdejeanne.fr\/\"]}]},{\"@type\":\"ImageObject\",\"inLanguage\":\"fr-FR\",\"@id\":\"https:\/\/lesrobesdejeanne.fr\/#primaryimage\",\"url\":\"https:\/\/lesrobesdejeanne.fr\/wp-content\/uploads\/2024\/01\/3-ESSAYAGE-TISSU-1-scaled.jpg\",\"contentUrl\":\"https:\/\/lesrobesdejeanne.fr\/wp-content\/uploads\/2024\/01\/3-ESSAYAGE-TISSU-1-scaled.jpg\",\"width\":2560,\"height\":1707},{\"@type\":\"BreadcrumbList\",\"@id\":\"https:\/\/lesrobesdejeanne.fr\/#breadcrumb\",\"itemListElement\":[{\"@type\":\"ListItem\",\"position\":1,\"name\":\"Accueil\",\"item\":\"https:\/\/lesrobesdejeanne.fr\/\"},{\"@type\":\"ListItem\",\"position\":2,\"name\":\"Accueil\"}]},{\"@type\":\"WebSite\",\"@id\":\"https:\/\/lesrobesdejeanne.fr\/#website\",\"url\":\"https:\/\/lesrobesdejeanne.fr\/\",\"name\":\"Les Robes de Jeanne\",\"description\":\"Cr\u00e9atrice de robes de mari\u00e9es\",\"potentialAction\":[{\"@type\":\"SearchAction\",\"target\":{\"@type\":\"EntryPoint\",\"urlTemplate\":\"https:\/\/lesrobesdejeanne.fr\/?s={search_term_string}\"},\"query-input\":{\"@type\":\"PropertyValueSpecification\",\"valueRequired\":true,\"valueName\":\"search_term_string\"}}],\"inLanguage\":\"fr-FR\"}]}<\/script>\n<!-- \/ Yoast SEO plugin. -->","yoast_head_json":{"title":"Accueil - Les Robes de Jeanne","description":"Bienvenue dans mon univers ! Des robes de mari\u00e9e , modernes et \u00e9l\u00e9gantes mais avant tout, des robes qui vous ressemblent.","robots":{"index":"index","follow":"follow","max-snippet":"max-snippet:-1","max-image-preview":"max-image-preview:large","max-video-preview":"max-video-preview:-1"},"canonical":"https:\/\/lesrobesdejeanne.fr\/","og_locale":"fr_FR","og_type":"article","og_title":"Accueil - Les Robes de Jeanne","og_description":"Bienvenue dans mon univers ! Des robes de mari\u00e9e , modernes et \u00e9l\u00e9gantes mais avant tout, des robes qui vous ressemblent.","og_url":"https:\/\/lesrobesdejeanne.fr\/","og_site_name":"Les Robes de Jeanne","article_modified_time":"2026-03-24T08:51:40+00:00","og_image":[{"width":2560,"height":1707,"url":"https:\/\/lesrobesdejeanne.fr\/wp-content\/uploads\/2024\/01\/3-ESSAYAGE-TISSU-1-scaled.jpg","type":"image\/jpeg"}],"twitter_card":"summary_large_image","twitter_misc":{"Dur\u00e9e de lecture estim\u00e9e":"2 minutes"},"schema":{"@context":"https:\/\/schema.org","@graph":[{"@type":"WebPage","@id":"https:\/\/lesrobesdejeanne.fr\/","url":"https:\/\/lesrobesdejeanne.fr\/","name":"Accueil - Les Robes de Jeanne","isPartOf":{"@id":"https:\/\/lesrobesdejeanne.fr\/#website"},"primaryImageOfPage":{"@id":"https:\/\/lesrobesdejeanne.fr\/#primaryimage"},"image":{"@id":"https:\/\/lesrobesdejeanne.fr\/#primaryimage"},"thumbnailUrl":"https:\/\/lesrobesdejeanne.fr\/wp-content\/uploads\/2024\/01\/3-ESSAYAGE-TISSU-1-1024x683.jpg","datePublished":"2024-01-09T14:41:54+00:00","dateModified":"2026-03-24T08:51:40+00:00","description":"Bienvenue dans mon univers ! Des robes de mari\u00e9e , modernes et \u00e9l\u00e9gantes mais avant tout, des robes qui vous ressemblent.","breadcrumb":{"@id":"https:\/\/lesrobesdejeanne.fr\/#breadcrumb"},"inLanguage":"fr-FR","potentialAction":[{"@type":"ReadAction","target":["https:\/\/lesrobesdejeanne.fr\/"]}]},{"@type":"ImageObject","inLanguage":"fr-FR","@id":"https:\/\/lesrobesdejeanne.fr\/#primaryimage","url":"https:\/\/lesrobesdejeanne.fr\/wp-content\/uploads\/2024\/01\/3-ESSAYAGE-TISSU-1-scaled.jpg","contentUrl":"https:\/\/lesrobesdejeanne.fr\/wp-content\/uploads\/2024\/01\/3-ESSAYAGE-TISSU-1-scaled.jpg","width":2560,"height":1707},{"@type":"BreadcrumbList","@id":"https:\/\/lesrobesdejeanne.fr\/#breadcrumb","itemListElement":[{"@type":"ListItem","position":1,"name":"Accueil","item":"https:\/\/lesrobesdejeanne.fr\/"},{"@type":"ListItem","position":2,"name":"Accueil"}]},{"@type":"WebSite","@id":"https:\/\/lesrobesdejeanne.fr\/#website","url":"https:\/\/lesrobesdejeanne.fr\/","name":"Les Robes de Jeanne","description":"Cr\u00e9atrice de robes de mari\u00e9es","potentialAction":[{"@type":"SearchAction","target":{"@type":"EntryPoint","urlTemplate":"https:\/\/lesrobesdejeanne.fr\/?s={search_term_string}"},"query-input":{"@type":"PropertyValueSpecification","valueRequired":true,"valueName":"search_term_string"}}],"inLanguage":"fr-FR"}]}},"_links":{"self":[{"href":"https:\/\/lesrobesdejeanne.fr\/index.php\/wp-json\/wp\/v2\/pages\/9","targetHints":{"allow":["GET"]}}],"collection":[{"href":"https:\/\/lesrobesdejeanne.fr\/index.php\/wp-json\/wp\/v2\/pages"}],"about":[{"href":"https:\/\/lesrobesdejeanne.fr\/index.php\/wp-json\/wp\/v2\/types\/page"}],"author":[{"embeddable":true,"href":"https:\/\/lesrobesdejeanne.fr\/index.php\/wp-json\/wp\/v2\/users\/2"}],"replies":[{"embeddable":true,"href":"https:\/\/lesrobesdejeanne.fr\/index.php\/wp-json\/wp\/v2\/comments?post=9"}],"version-history":[{"count":98,"href":"https:\/\/lesrobesdejeanne.fr\/index.php\/wp-json\/wp\/v2\/pages\/9\/revisions"}],"predecessor-version":[{"id":710,"href":"https:\/\/lesrobesdejeanne.fr\/index.php\/wp-json\/wp\/v2\/pages\/9\/revisions\/710"}],"wp:attachment":[{"href":"https:\/\/lesrobesdejeanne.fr\/index.php\/wp-json\/wp\/v2\/media?parent=9"}],"curies":[{"name":"wp","href":"https:\/\/api.w.org\/{rel}","templated":true}]}}