{"id":11,"date":"2024-01-09T15:43:19","date_gmt":"2024-01-09T14:43:19","guid":{"rendered":"https:\/\/lesrobesdejeanne.fr\/?page_id=11"},"modified":"2026-01-12T12:26:50","modified_gmt":"2026-01-12T11:26:50","slug":"portrait-creatrice-robes","status":"publish","type":"page","link":"https:\/\/lesrobesdejeanne.fr\/index.php\/portrait-creatrice-robes\/","title":{"rendered":"Portrait"},"content":{"rendered":"\t\t<div data-elementor-type=\"wp-page\" data-elementor-id=\"11\" class=\"elementor elementor-11\" data-elementor-post-type=\"page\">\n\t\t\t\t<div class=\"elementor-element elementor-element-cdcc08d e-flex e-con-boxed e-con e-parent\" data-id=\"cdcc08d\" data-element_type=\"container\" data-settings=\"{&quot;background_background&quot;:&quot;classic&quot;}\">\n\t\t\t\t\t<div class=\"e-con-inner\">\n\t\t\t\t\t<\/div>\n\t\t\t\t<\/div>\n\t\t<div class=\"elementor-element elementor-element-93a2a8e e-flex e-con-boxed e-con e-parent\" data-id=\"93a2a8e\" data-element_type=\"container\">\n\t\t\t\t\t<div class=\"e-con-inner\">\n\t\t\t\t<div class=\"elementor-element elementor-element-a3f1a8a elementor-widget elementor-widget-heading\" data-id=\"a3f1a8a\" data-element_type=\"widget\" data-widget_type=\"heading.default\">\n\t\t\t\t<div class=\"elementor-widget-container\">\n\t\t\t\t\t<h2 class=\"elementor-heading-title elementor-size-default\">Qui suis-je ?<\/h2>\t\t\t\t<\/div>\n\t\t\t\t<\/div>\n\t\t\t\t\t<\/div>\n\t\t\t\t<\/div>\n\t\t<div class=\"elementor-element elementor-element-c1f5338 e-flex e-con-boxed e-con e-parent\" data-id=\"c1f5338\" data-element_type=\"container\">\n\t\t\t\t\t<div class=\"e-con-inner\">\n\t\t<div class=\"elementor-element elementor-element-f570cae e-con-full e-flex e-con e-child\" data-id=\"f570cae\" data-element_type=\"container\">\n\t\t\t\t<div class=\"elementor-element elementor-element-feebf50 elementor-widget elementor-widget-image\" data-id=\"feebf50\" data-element_type=\"widget\" data-widget_type=\"image.default\">\n\t\t\t\t<div class=\"elementor-widget-container\">\n\t\t\t\t\t\t\t\t\t\t\t\t\t\t\t<img fetchpriority=\"high\" decoding=\"async\" width=\"683\" height=\"1024\" src=\"https:\/\/lesrobesdejeanne.fr\/wp-content\/uploads\/2024\/01\/N-55-683x1024.jpg\" class=\"attachment-large size-large wp-image-108\" alt=\"\" srcset=\"https:\/\/lesrobesdejeanne.fr\/wp-content\/uploads\/2024\/01\/N-55-683x1024.jpg 683w, https:\/\/lesrobesdejeanne.fr\/wp-content\/uploads\/2024\/01\/N-55-200x300.jpg 200w, https:\/\/lesrobesdejeanne.fr\/wp-content\/uploads\/2024\/01\/N-55-768x1152.jpg 768w, https:\/\/lesrobesdejeanne.fr\/wp-content\/uploads\/2024\/01\/N-55-scaled.jpg 1707w\" sizes=\"(max-width: 683px) 100vw, 683px\" \/>\t\t\t\t\t\t\t\t\t\t\t\t\t\t\t<\/div>\n\t\t\t\t<\/div>\n\t\t\t\t<\/div>\n\t\t<div class=\"elementor-element elementor-element-a3d6a12 e-con-full e-flex e-con e-child\" data-id=\"a3d6a12\" data-element_type=\"container\">\n\t\t\t\t<div class=\"elementor-element elementor-element-e22e849 elementor-widget elementor-widget-text-editor\" data-id=\"e22e849\" data-element_type=\"widget\" data-widget_type=\"text-editor.default\">\n\t\t\t\t<div class=\"elementor-widget-container\">\n\t\t\t\t\t\t\t\t\t<p>\u00a0 \u00a0 Bonjour je suis Chlo\u00e9, cr\u00e9atrice des <em>robes de Jeanne.<\/em><\/p><p>\u00a0 \u00a0 Les <em>robes de Jeanne<\/em> c\u2019est avant tout un pr\u00e9nom, celui de ma grand-m\u00e8re Jeanne. Couturi\u00e8re \u00e9m\u00e9rite, elle me transmet sa passion d\u00e8s mon plus jeune \u00e2ge. C\u2019est naturellement que je d\u00e9cide d\u2019en faire mon m\u00e9tier.<\/p><p>\u00a0 \u00a0 Titulaire d\u2019un baccalaur\u00e9at Artisanat et M\u00e9tiers d\u2019art en couture, c\u2019est lors d&rsquo;un stage que je d\u00e9couvre l\u2019univers des robes de mari\u00e9es.<br \/>Souhaitant habiller les femmes des pieds \u00e0 la t\u00eate, je compl\u00e8te ma formation avec un dipl\u00f4me de modiste (cr\u00e9ations de chapeaux).<\/p><p>\u00a0 \u00a0 En 2011, me sentant trop jeune pour me lancer dans ce m\u00e9tier passion, j\u2019int\u00e8gre la grande maison Herm\u00e8s. Maroquini\u00e8re pendant 10 ans, minutie et excellence seront mon quotidien.<br \/>Toutefois, mon \u00e2me cr\u00e9ative est en sommeil. Je r\u00eave en secret de cr\u00e9er des<br \/>robes de mari\u00e9es.<\/p><p>\u00a0 \u00a0 En 2022, je saute le pas et d\u00e9cide de cr\u00e9er les <em>robes de Jeanne<\/em> en hommage \u00e0 ma grand-m\u00e8re.<\/p>\t\t\t\t\t\t\t\t<\/div>\n\t\t\t\t<\/div>\n\t\t\t\t<\/div>\n\t\t\t\t\t<\/div>\n\t\t\t\t<\/div>\n\t\t<div class=\"elementor-element elementor-element-fb87daf e-flex e-con-boxed e-con e-parent\" data-id=\"fb87daf\" data-element_type=\"container\">\n\t\t\t\t\t<div class=\"e-con-inner\">\n\t\t\t\t<div class=\"elementor-element elementor-element-c51afbe elementor-widget elementor-widget-heading\" data-id=\"c51afbe\" data-element_type=\"widget\" data-widget_type=\"heading.default\">\n\t\t\t\t<div class=\"elementor-widget-container\">\n\t\t\t\t\t<h2 class=\"elementor-heading-title elementor-size-default\">Ce que l'on dit de moi<\/h2>\t\t\t\t<\/div>\n\t\t\t\t<\/div>\n\t\t\t\t\t<\/div>\n\t\t\t\t<\/div>\n\t\t<div class=\"elementor-element elementor-element-887630c e-flex e-con-boxed e-con e-parent\" data-id=\"887630c\" data-element_type=\"container\">\n\t\t\t\t\t<div class=\"e-con-inner\">\n\t\t<div class=\"elementor-element elementor-element-0000d0d e-con-full e-flex e-con e-child\" data-id=\"0000d0d\" data-element_type=\"container\">\n\t\t\t\t<div class=\"elementor-element elementor-element-20f95ad elementor-widget elementor-widget-text-editor\" data-id=\"20f95ad\" data-element_type=\"widget\" data-widget_type=\"text-editor.default\">\n\t\t\t\t<div class=\"elementor-widget-container\">\n\t\t\t\t\t\t\t\t\t<p>\u00a0 \u00a0 Passionn\u00e9e, talentueuse et cr\u00e9ative, voila les quelques mots employ\u00e9s par mon entourage pour me d\u00e9crire. Quant \u00e0 mes mari\u00e9es, elles disent de moi que je suis douce, simple et surtout \u00e0 leur \u00e9coute. J\u2019aspire \u00e0 \u00eatre un peu tout cela \u00e0 la fois.<\/p><p>\u00a0 \u00a0 Un peu r\u00eaveuse, je pense qu\u2019un sourire peut tout changer. Je crois d\u2019ailleurs que c\u2019est aussi ce que j\u2019aime dans ce m\u00e9tier : c\u00f4toyer des gens heureux et amoureux, quel bonheur !<\/p>\t\t\t\t\t\t\t\t<\/div>\n\t\t\t\t<\/div>\n\t\t\t\t<\/div>\n\t\t<div class=\"elementor-element elementor-element-8f6d920 e-con-full e-flex e-con e-child\" data-id=\"8f6d920\" data-element_type=\"container\">\n\t\t\t\t<div class=\"elementor-element elementor-element-d2a56e4 elementor-widget elementor-widget-image\" data-id=\"d2a56e4\" data-element_type=\"widget\" data-widget_type=\"image.default\">\n\t\t\t\t<div class=\"elementor-widget-container\">\n\t\t\t\t\t\t\t\t\t\t\t\t\t\t\t<img decoding=\"async\" width=\"800\" height=\"534\" src=\"https:\/\/lesrobesdejeanne.fr\/wp-content\/uploads\/2024\/01\/N-33-1024x683.jpg\" class=\"attachment-large size-large wp-image-263\" alt=\"\" srcset=\"https:\/\/lesrobesdejeanne.fr\/wp-content\/uploads\/2024\/01\/N-33-1024x683.jpg 1024w, https:\/\/lesrobesdejeanne.fr\/wp-content\/uploads\/2024\/01\/N-33-300x200.jpg 300w, https:\/\/lesrobesdejeanne.fr\/wp-content\/uploads\/2024\/01\/N-33-768x512.jpg 768w, https:\/\/lesrobesdejeanne.fr\/wp-content\/uploads\/2024\/01\/N-33-1536x1024.jpg 1536w\" sizes=\"(max-width: 800px) 100vw, 800px\" \/>\t\t\t\t\t\t\t\t\t\t\t\t\t\t\t<\/div>\n\t\t\t\t<\/div>\n\t\t\t\t<\/div>\n\t\t\t\t\t<\/div>\n\t\t\t\t<\/div>\n\t\t\t\t<\/div>\n\t\t","protected":false},"excerpt":{"rendered":"<p>Qui suis-je ? \u00a0 \u00a0 Bonjour je suis Chlo\u00e9, cr\u00e9atrice des robes de Jeanne. \u00a0 \u00a0 Les robes de Jeanne c\u2019est avant tout un pr\u00e9nom, celui de ma grand-m\u00e8re Jeanne. Couturi\u00e8re \u00e9m\u00e9rite, elle me transmet sa passion d\u00e8s mon plus jeune \u00e2ge. C\u2019est naturellement que je d\u00e9cide d\u2019en faire mon m\u00e9tier. \u00a0 \u00a0 Titulaire d\u2019un [&hellip;]<\/p>\n","protected":false},"author":2,"featured_media":0,"parent":0,"menu_order":0,"comment_status":"closed","ping_status":"closed","template":"elementor_header_footer","meta":{"footnotes":""},"class_list":["post-11","page","type-page","status-publish","hentry"],"yoast_head":"<!-- This site is optimized with the Yoast SEO plugin v26.0 - https:\/\/yoast.com\/wordpress\/plugins\/seo\/ -->\n<title>Portrait - Les Robes de Jeanne<\/title>\n<meta name=\"description\" content=\"Je suis Chlo\u00e9. Passionn\u00e9e, talentueuse et cr\u00e9ative, voila les quelques mots employ\u00e9s par ma famille pour me d\u00e9crire.\" \/>\n<meta name=\"robots\" content=\"index, follow, max-snippet:-1, max-image-preview:large, max-video-preview:-1\" \/>\n<link rel=\"canonical\" href=\"https:\/\/lesrobesdejeanne.fr\/index.php\/portrait-creatrice-robes\/\" \/>\n<meta property=\"og:locale\" content=\"fr_FR\" \/>\n<meta property=\"og:type\" content=\"article\" \/>\n<meta property=\"og:title\" content=\"Portrait - Les Robes de Jeanne\" \/>\n<meta property=\"og:description\" content=\"Je suis Chlo\u00e9. Passionn\u00e9e, talentueuse et cr\u00e9ative, voila les quelques mots employ\u00e9s par ma famille pour me d\u00e9crire.\" \/>\n<meta property=\"og:url\" content=\"https:\/\/lesrobesdejeanne.fr\/index.php\/portrait-creatrice-robes\/\" \/>\n<meta property=\"og:site_name\" content=\"Les Robes de Jeanne\" \/>\n<meta property=\"article:modified_time\" content=\"2026-01-12T11:26:50+00:00\" \/>\n<meta property=\"og:image\" content=\"https:\/\/lesrobesdejeanne.fr\/wp-content\/uploads\/2024\/01\/N-55-scaled.jpg\" \/>\n\t<meta property=\"og:image:width\" content=\"1707\" \/>\n\t<meta property=\"og:image:height\" content=\"2560\" \/>\n\t<meta property=\"og:image:type\" content=\"image\/jpeg\" \/>\n<meta name=\"twitter:card\" content=\"summary_large_image\" \/>\n<meta name=\"twitter:label1\" content=\"Dur\u00e9e de lecture estim\u00e9e\" \/>\n\t<meta name=\"twitter:data1\" content=\"2 minutes\" \/>\n<script type=\"application\/ld+json\" class=\"yoast-schema-graph\">{\"@context\":\"https:\/\/schema.org\",\"@graph\":[{\"@type\":\"WebPage\",\"@id\":\"https:\/\/lesrobesdejeanne.fr\/index.php\/portrait-creatrice-robes\/\",\"url\":\"https:\/\/lesrobesdejeanne.fr\/index.php\/portrait-creatrice-robes\/\",\"name\":\"Portrait - Les Robes de Jeanne\",\"isPartOf\":{\"@id\":\"https:\/\/lesrobesdejeanne.fr\/#website\"},\"primaryImageOfPage\":{\"@id\":\"https:\/\/lesrobesdejeanne.fr\/index.php\/portrait-creatrice-robes\/#primaryimage\"},\"image\":{\"@id\":\"https:\/\/lesrobesdejeanne.fr\/index.php\/portrait-creatrice-robes\/#primaryimage\"},\"thumbnailUrl\":\"https:\/\/lesrobesdejeanne.fr\/wp-content\/uploads\/2024\/01\/N-55-683x1024.jpg\",\"datePublished\":\"2024-01-09T14:43:19+00:00\",\"dateModified\":\"2026-01-12T11:26:50+00:00\",\"description\":\"Je suis Chlo\u00e9. Passionn\u00e9e, talentueuse et cr\u00e9ative, voila les quelques mots employ\u00e9s par ma famille pour me d\u00e9crire.\",\"breadcrumb\":{\"@id\":\"https:\/\/lesrobesdejeanne.fr\/index.php\/portrait-creatrice-robes\/#breadcrumb\"},\"inLanguage\":\"fr-FR\",\"potentialAction\":[{\"@type\":\"ReadAction\",\"target\":[\"https:\/\/lesrobesdejeanne.fr\/index.php\/portrait-creatrice-robes\/\"]}]},{\"@type\":\"ImageObject\",\"inLanguage\":\"fr-FR\",\"@id\":\"https:\/\/lesrobesdejeanne.fr\/index.php\/portrait-creatrice-robes\/#primaryimage\",\"url\":\"https:\/\/lesrobesdejeanne.fr\/wp-content\/uploads\/2024\/01\/N-55-scaled.jpg\",\"contentUrl\":\"https:\/\/lesrobesdejeanne.fr\/wp-content\/uploads\/2024\/01\/N-55-scaled.jpg\",\"width\":1707,\"height\":2560},{\"@type\":\"BreadcrumbList\",\"@id\":\"https:\/\/lesrobesdejeanne.fr\/index.php\/portrait-creatrice-robes\/#breadcrumb\",\"itemListElement\":[{\"@type\":\"ListItem\",\"position\":1,\"name\":\"Accueil\",\"item\":\"https:\/\/lesrobesdejeanne.fr\/\"},{\"@type\":\"ListItem\",\"position\":2,\"name\":\"Portrait\"}]},{\"@type\":\"WebSite\",\"@id\":\"https:\/\/lesrobesdejeanne.fr\/#website\",\"url\":\"https:\/\/lesrobesdejeanne.fr\/\",\"name\":\"Les Robes de Jeanne\",\"description\":\"Cr\u00e9atrice de robes de mari\u00e9es\",\"potentialAction\":[{\"@type\":\"SearchAction\",\"target\":{\"@type\":\"EntryPoint\",\"urlTemplate\":\"https:\/\/lesrobesdejeanne.fr\/?s={search_term_string}\"},\"query-input\":{\"@type\":\"PropertyValueSpecification\",\"valueRequired\":true,\"valueName\":\"search_term_string\"}}],\"inLanguage\":\"fr-FR\"}]}<\/script>\n<!-- \/ Yoast SEO plugin. -->","yoast_head_json":{"title":"Portrait - Les Robes de Jeanne","description":"Je suis Chlo\u00e9. Passionn\u00e9e, talentueuse et cr\u00e9ative, voila les quelques mots employ\u00e9s par ma famille pour me d\u00e9crire.","robots":{"index":"index","follow":"follow","max-snippet":"max-snippet:-1","max-image-preview":"max-image-preview:large","max-video-preview":"max-video-preview:-1"},"canonical":"https:\/\/lesrobesdejeanne.fr\/index.php\/portrait-creatrice-robes\/","og_locale":"fr_FR","og_type":"article","og_title":"Portrait - Les Robes de Jeanne","og_description":"Je suis Chlo\u00e9. Passionn\u00e9e, talentueuse et cr\u00e9ative, voila les quelques mots employ\u00e9s par ma famille pour me d\u00e9crire.","og_url":"https:\/\/lesrobesdejeanne.fr\/index.php\/portrait-creatrice-robes\/","og_site_name":"Les Robes de Jeanne","article_modified_time":"2026-01-12T11:26:50+00:00","og_image":[{"width":1707,"height":2560,"url":"https:\/\/lesrobesdejeanne.fr\/wp-content\/uploads\/2024\/01\/N-55-scaled.jpg","type":"image\/jpeg"}],"twitter_card":"summary_large_image","twitter_misc":{"Dur\u00e9e de lecture estim\u00e9e":"2 minutes"},"schema":{"@context":"https:\/\/schema.org","@graph":[{"@type":"WebPage","@id":"https:\/\/lesrobesdejeanne.fr\/index.php\/portrait-creatrice-robes\/","url":"https:\/\/lesrobesdejeanne.fr\/index.php\/portrait-creatrice-robes\/","name":"Portrait - Les Robes de Jeanne","isPartOf":{"@id":"https:\/\/lesrobesdejeanne.fr\/#website"},"primaryImageOfPage":{"@id":"https:\/\/lesrobesdejeanne.fr\/index.php\/portrait-creatrice-robes\/#primaryimage"},"image":{"@id":"https:\/\/lesrobesdejeanne.fr\/index.php\/portrait-creatrice-robes\/#primaryimage"},"thumbnailUrl":"https:\/\/lesrobesdejeanne.fr\/wp-content\/uploads\/2024\/01\/N-55-683x1024.jpg","datePublished":"2024-01-09T14:43:19+00:00","dateModified":"2026-01-12T11:26:50+00:00","description":"Je suis Chlo\u00e9. Passionn\u00e9e, talentueuse et cr\u00e9ative, voila les quelques mots employ\u00e9s par ma famille pour me d\u00e9crire.","breadcrumb":{"@id":"https:\/\/lesrobesdejeanne.fr\/index.php\/portrait-creatrice-robes\/#breadcrumb"},"inLanguage":"fr-FR","potentialAction":[{"@type":"ReadAction","target":["https:\/\/lesrobesdejeanne.fr\/index.php\/portrait-creatrice-robes\/"]}]},{"@type":"ImageObject","inLanguage":"fr-FR","@id":"https:\/\/lesrobesdejeanne.fr\/index.php\/portrait-creatrice-robes\/#primaryimage","url":"https:\/\/lesrobesdejeanne.fr\/wp-content\/uploads\/2024\/01\/N-55-scaled.jpg","contentUrl":"https:\/\/lesrobesdejeanne.fr\/wp-content\/uploads\/2024\/01\/N-55-scaled.jpg","width":1707,"height":2560},{"@type":"BreadcrumbList","@id":"https:\/\/lesrobesdejeanne.fr\/index.php\/portrait-creatrice-robes\/#breadcrumb","itemListElement":[{"@type":"ListItem","position":1,"name":"Accueil","item":"https:\/\/lesrobesdejeanne.fr\/"},{"@type":"ListItem","position":2,"name":"Portrait"}]},{"@type":"WebSite","@id":"https:\/\/lesrobesdejeanne.fr\/#website","url":"https:\/\/lesrobesdejeanne.fr\/","name":"Les Robes de Jeanne","description":"Cr\u00e9atrice de robes de mari\u00e9es","potentialAction":[{"@type":"SearchAction","target":{"@type":"EntryPoint","urlTemplate":"https:\/\/lesrobesdejeanne.fr\/?s={search_term_string}"},"query-input":{"@type":"PropertyValueSpecification","valueRequired":true,"valueName":"search_term_string"}}],"inLanguage":"fr-FR"}]}},"_links":{"self":[{"href":"https:\/\/lesrobesdejeanne.fr\/index.php\/wp-json\/wp\/v2\/pages\/11","targetHints":{"allow":["GET"]}}],"collection":[{"href":"https:\/\/lesrobesdejeanne.fr\/index.php\/wp-json\/wp\/v2\/pages"}],"about":[{"href":"https:\/\/lesrobesdejeanne.fr\/index.php\/wp-json\/wp\/v2\/types\/page"}],"author":[{"embeddable":true,"href":"https:\/\/lesrobesdejeanne.fr\/index.php\/wp-json\/wp\/v2\/users\/2"}],"replies":[{"embeddable":true,"href":"https:\/\/lesrobesdejeanne.fr\/index.php\/wp-json\/wp\/v2\/comments?post=11"}],"version-history":[{"count":43,"href":"https:\/\/lesrobesdejeanne.fr\/index.php\/wp-json\/wp\/v2\/pages\/11\/revisions"}],"predecessor-version":[{"id":490,"href":"https:\/\/lesrobesdejeanne.fr\/index.php\/wp-json\/wp\/v2\/pages\/11\/revisions\/490"}],"wp:attachment":[{"href":"https:\/\/lesrobesdejeanne.fr\/index.php\/wp-json\/wp\/v2\/media?parent=11"}],"curies":[{"name":"wp","href":"https:\/\/api.w.org\/{rel}","templated":true}]}}